{"id":1983,"date":"2023-01-30T19:07:38","date_gmt":"2023-01-30T18:07:38","guid":{"rendered":"https:\/\/sebastienvaucher.art\/exhibitions\/"},"modified":"2023-08-06T14:16:12","modified_gmt":"2023-08-06T12:16:12","slug":"exhibitions","status":"publish","type":"page","link":"https:\/\/sebastienvaucher.art\/en\/exhibitions\/","title":{"rendered":"Exhibitions"},"content":{"rendered":"\t\t<div data-elementor-type=\"wp-page\" data-elementor-id=\"1983\" class=\"elementor elementor-1983 elementor-1845\">\n\t\t\t\t\t\t\t\t\t<section class=\"elementor-section elementor-top-section elementor-element elementor-element-e2f1912 elementor-section-boxed elementor-section-height-default elementor-section-height-default\" data-id=\"e2f1912\" data-element_type=\"section\">\n\t\t\t\t\t\t<div class=\"elementor-container elementor-column-gap-default\">\n\t\t\t\t\t<div class=\"elementor-column elementor-col-100 elementor-top-column elementor-element elementor-element-3b3314c\" data-id=\"3b3314c\" data-element_type=\"column\">\n\t\t\t<div class=\"elementor-widget-wrap elementor-element-populated\">\n\t\t\t\t\t\t\t\t<div class=\"elementor-element elementor-element-7214b9e elementor-widget elementor-widget-text-editor\" data-id=\"7214b9e\" data-element_type=\"widget\" data-widget_type=\"text-editor.default\">\n\t\t\t\t<div class=\"elementor-widget-container\">\n\t\t\t<style>\/*! elementor - v3.9.1 - 14-12-2022 *\/\n.elementor-widget-text-editor.elementor-drop-cap-view-stacked .elementor-drop-cap{background-color:#818a91;color:#fff}.elementor-widget-text-editor.elementor-drop-cap-view-framed .elementor-drop-cap{color:#818a91;border:3px solid;background-color:transparent}.elementor-widget-text-editor:not(.elementor-drop-cap-view-default) .elementor-drop-cap{margin-top:8px}.elementor-widget-text-editor:not(.elementor-drop-cap-view-default) .elementor-drop-cap-letter{width:1em;height:1em}.elementor-widget-text-editor .elementor-drop-cap{float:left;text-align:center;line-height:1;font-size:50px}.elementor-widget-text-editor .elementor-drop-cap-letter{display:inline-block}<\/style>\t\t\t\t<p><a href=\"https:\/\/laspirale.ch\/vernissage-exposition-de-sebastien-vaucher\/\">21.09-16.12 2023 &#8220;Arythmies chromatiques&#8221;, La spirale, Fribourg (Switzerland) solo<\/a><strong><br \/><\/strong><\/p><p>03.06-08.07 2023 <a href=\"https:\/\/www.cip-tramelan.ch\/AgendaSync\/Details\/Rencontre-photographique\">Rencontre photographique, CIP Tramelan (Switzerland)<\/a><\/p><p>21.01-29.01 2023 &#8220;Ch\u00eane en ab\u00eeme&#8221;, <a href=\"http:\/\/maison-matrice.org\/\">Maison-Matrice<\/a>, Cr\u00e9mines (Switzerland) solo<\/p><p>20.11-11.12 2022 Espace R\u00eave du M\u00f4me, Evilard (Switzerland)<\/p><p>19.11-02.12 2022 <a href=\"https:\/\/www.facebook.com\/PolymorpheBienne\">Galerie Polymorph<\/a>, Bienne (Switzerland)<\/p><p>11-13.11 2022 <a href=\"https:\/\/www.instagram.com\/ma.martin_studio\/\">Ma Martin Studio<\/a> Bienne (Switzerland)<\/p><p>19.11-10.12 2022 <a href=\"https:\/\/www.instagram.com\/escambografico\/\">Escambografico<\/a> Casa da Pra\u00e7a Leme-Sao Paolo (Brasil)<\/p>\t\t\t\t\t\t<\/div>\n\t\t\t\t<\/div>\n\t\t\t\t\t<\/div>\n\t\t<\/div>\n\t\t\t\t\t\t\t<\/div>\n\t\t<\/section>\n\t\t\t\t\t\t\t<\/div>\n\t\t","protected":false},"excerpt":{"rendered":"<p>21.09-16.12 2023 &#8220;Arythmies chromatiques&#8221;, La spirale, Fribourg (Switzerland) solo 03.06-08.07 2023 Rencontre photographique, CIP Tramelan (Switzerland) 21.01-29.01 2023 &#8220;Ch\u00eane en ab\u00eeme&#8221;, Maison-Matrice, Cr\u00e9mines (Switzerland) solo 20.11-11.12 2022 Espace R\u00eave du M\u00f4me, Evilard (Switzerland) 19.11-02.12 2022 Galerie Polymorph, Bienne (Switzerland) 11-13.11 2022 Ma Martin Studio Bienne (Switzerland) 19.11-10.12 2022 Escambografico Casa da Pra\u00e7a Leme-Sao Paolo (Brasil)<\/p>\n","protected":false},"author":2,"featured_media":0,"parent":0,"menu_order":0,"comment_status":"closed","ping_status":"closed","template":"","meta":{"inline_featured_image":false,"_vp_format_video_url":"","_vp_image_focal_point":[],"footnotes":""},"class_list":["post-1983","page","type-page","status-publish","hentry"],"_links":{"self":[{"href":"https:\/\/sebastienvaucher.art\/en\/wp-json\/wp\/v2\/pages\/1983","targetHints":{"allow":["GET"]}}],"collection":[{"href":"https:\/\/sebastienvaucher.art\/en\/wp-json\/wp\/v2\/pages"}],"about":[{"href":"https:\/\/sebastienvaucher.art\/en\/wp-json\/wp\/v2\/types\/page"}],"author":[{"embeddable":true,"href":"https:\/\/sebastienvaucher.art\/en\/wp-json\/wp\/v2\/users\/2"}],"replies":[{"embeddable":true,"href":"https:\/\/sebastienvaucher.art\/en\/wp-json\/wp\/v2\/comments?post=1983"}],"version-history":[{"count":11,"href":"https:\/\/sebastienvaucher.art\/en\/wp-json\/wp\/v2\/pages\/1983\/revisions"}],"predecessor-version":[{"id":2208,"href":"https:\/\/sebastienvaucher.art\/en\/wp-json\/wp\/v2\/pages\/1983\/revisions\/2208"}],"wp:attachment":[{"href":"https:\/\/sebastienvaucher.art\/en\/wp-json\/wp\/v2\/media?parent=1983"}],"curies":[{"name":"wp","href":"https:\/\/api.w.org\/{rel}","templated":true}]}}